{"id":272,"date":"2023-11-09T15:44:25","date_gmt":"2023-11-09T14:44:25","guid":{"rendered":"https:\/\/wanna.lux-webudvikling.dk\/?post_type=product&#038;p=272"},"modified":"2023-11-09T15:44:25","modified_gmt":"2023-11-09T14:44:25","slug":"fleshlight-go-surge-pink-lady-masturbator","status":"publish","type":"product","link":"https:\/\/wanna.lux-webudvikling.dk\/?product=fleshlight-go-surge-pink-lady-masturbator","title":{"rendered":"Fleshlight Go Surge Pink Lady \u2013 Masturbator"},"content":{"rendered":"<div id=\"product.info.description\" class=\"data item content\" role=\"tabpanel\" data-role=\"content\" aria-labelledby=\"tab-label-product.info.description\" aria-hidden=\"false\">\n<p>Fordi nogle af de st\u00f8rste gaver kommer i de mindste pakker &#8230; Denne Fleshlight er en kompakt udgave af originalen, der er nemmere at have med, hvor end du tager hen. Indpakningen er tilmed diskret \u2013 men det er f\u00f8lelsen dog ikke! GO er designet p\u00e5 n\u00f8jagtig samme m\u00e5de som den &#8220;almindelige&#8221; Fleshlight, men er hele 17 % mindre i st\u00f8rrelsen, s\u00e5 den er let at have med p\u00e5 farten.<\/p>\n<p><strong>You GO, boy<br \/>\n<\/strong>Med Fleshlight GOs diskrete, lette og kompakte design har du nu mulighed for at f\u00e5 \u2018lettet trykket\u2019, lige meget hvor du er henne. GO&#8217;en er en komprimeret og b\u00e6rbar version af <a href=\"https:\/\/www.sexshop.dk\/maend\/onani-produkter\/fleshlight\">Fleshlights<\/a> oprindelige mest solgte Fleshlight-leget\u00f8j til m\u00e6nd \u2013 det er den perfekte rejsef\u00e6lle, hvad enten du rejser alene eller sammen med andre.<\/p>\n<p><strong>De bedste ting i sm\u00e5 pakker<br \/>\n<\/strong>Du kan betjene denne Fleshlight med kun \u00e9n h\u00e5nd, hvilket g\u00f8r det b\u00e5de let og l\u00e6kkert at f\u00e5 stimulering, lige meget hvor du er henne.<\/p>\n<p>Pink Lady Fleshlight GO er en del af Fleshlight all-star team. Det l\u00e6kre sleeve er lavet af det patenterede SuperSkin-materiale, der er bl\u00f8dt, smidigt og varmt at r\u00f8re ved, ligesom den virkelige ting! Det sikrer dig en fantastisk og meget realistisk oplevelse, hver eneste gang du bruger den. Det kan tilmed varmes op, s\u00e5 materialet f\u00f8les endnu mere realistisk \u2013 n\u00e6sten skr\u00e6mmende \u00e6gte!<\/p>\n<p><strong>Fleshlight GO Surge Pink Lady er kompakt og brugervenlig<br \/>\n<\/strong>Sleevet har indvendigt en r\u00e6kke markerede riller, der kan give dig en ekstra, pirrende oplevelse. Det er fleksibelt og kan derfor bruges i et v\u00e6ld af forskellige stillinger.<\/p>\n<p>Endvidere er det nemt at reng\u00f8re din Fleshlight efter brug. Skyl den blot grundigt med lunket vand, og s\u00e6t den til at t\u00f8rre i fri luft \u2013 s\u00e5 er den klar igen til n\u00e6ste omgang, n\u00e5r du har brug for det.<\/p>\n<p>Fleshlight go er 100 % vandt\u00e6t, s\u00e5 du kan ogs\u00e5 tage hende med i badet om morgenen.<\/p>\n<p>Kort fortalt er Fleshlight GO alt, hvad du elsker den oprindelige Fleshlight for, blot kondenseret til et mere kompakt design.<\/p>\n<\/div>\n","protected":false},"excerpt":{"rendered":"<div class=\"product attribute overview\">\n<div class=\"value\">\n<ul>\n<li>Flehslight med et indret af det patenterede SuperSkin-materiale<\/li>\n<li>Er ekstremt kompakt og diskret og derfor den perfekte rejsepartner<\/li>\n<li>Brug den hvor som helst og n\u00e5r som helst<\/li>\n<li>Er nem at reng\u00f8re<\/li>\n<li>Er sikker, giftfri og ftalatfri<\/li>\n<li>Diskret design<\/li>\n<li>Er 100 % vandt\u00e6t<\/li>\n<\/ul>\n<\/div>\n<\/div>\n","protected":false},"featured_media":273,"template":"","meta":[],"product_cat":[18],"product_tag":[],"class_list":{"0":"post-272","1":"product","2":"type-product","3":"status-publish","4":"has-post-thumbnail","6":"product_cat-maend","8":"first","9":"instock","10":"shipping-taxable","11":"purchasable","12":"product-type-simple"},"_links":{"self":[{"href":"https:\/\/wanna.lux-webudvikling.dk\/index.php?rest_route=\/wp\/v2\/product\/272","targetHints":{"allow":["GET"]}}],"collection":[{"href":"https:\/\/wanna.lux-webudvikling.dk\/index.php?rest_route=\/wp\/v2\/product"}],"about":[{"href":"https:\/\/wanna.lux-webudvikling.dk\/index.php?rest_route=\/wp\/v2\/types\/product"}],"wp:featuredmedia":[{"embeddable":true,"href":"https:\/\/wanna.lux-webudvikling.dk\/index.php?rest_route=\/wp\/v2\/media\/273"}],"wp:attachment":[{"href":"https:\/\/wanna.lux-webudvikling.dk\/index.php?rest_route=%2Fwp%2Fv2%2Fmedia&parent=272"}],"wp:term":[{"taxonomy":"product_cat","embeddable":true,"href":"https:\/\/wanna.lux-webudvikling.dk\/index.php?rest_route=%2Fwp%2Fv2%2Fproduct_cat&post=272"},{"taxonomy":"product_tag","embeddable":true,"href":"https:\/\/wanna.lux-webudvikling.dk\/index.php?rest_route=%2Fwp%2Fv2%2Fproduct_tag&post=272"}],"curies":[{"name":"wp","href":"https:\/\/api.w.org\/{rel}","templated":true}]}}