{"id":394,"date":"2023-11-10T13:38:26","date_gmt":"2023-11-10T12:38:26","guid":{"rendered":"https:\/\/wanna.lux-webudvikling.dk\/?post_type=product&#038;p=394"},"modified":"2023-11-10T13:38:31","modified_gmt":"2023-11-10T12:38:31","slug":"mandy-mystery-line-corsage-top-saet-kopier","status":"publish","type":"product","link":"https:\/\/wanna.lux-webudvikling.dk\/?product=mandy-mystery-line-corsage-top-saet-kopier","title":{"rendered":"Mandy Mystery Line \u2013 Corsage-Top-S\u00e6t (Kopier)"},"content":{"rendered":"<p>L\u00e6kkert corsage-s\u00e6t fra Mandy Mystery Line udf\u00f8rt i 100 % sort polyamid med dekorative s\u00f8m-detaljer p\u00e5 b\u00e5de top og de medf\u00f8lgende str\u00f8mper.<\/p>\n<p>Delene i s\u00e6ttet er svagt gennemsigtige, s\u00e5 man tydeligt aner, hvad der er bag stoffet, og den medf\u00f8lgende g-streng skjuler kun lige trekanten og intet andet.<\/p>\n<p>Der er str\u00f8mpeholdere for og bage p\u00e5 toppen til at s\u00e6tte de medf\u00f8lgende eller nogle andre str\u00f8mper fast i.<\/p>\n<p>Dette s\u00e6t er fantastisk let at variere ved at s\u00e6tte andre trusser eller str\u00f8mper til. P\u00e5 den m\u00e5de bliver det aldrig kedeligt, hverken for din partner eller dig selv.<\/p>\n<p>S\u00e6ttet kan ogs\u00e5 sagtens b\u00e6res under dit normale t\u00f8j for s\u00e5 at blive afsl\u00f8ret, n\u00e5r I afslutter dagen i sovev\u00e6relset. Forvent, at din partner helt automatisk fristes til at g\u00e5 p\u00e5 opdagelse!<\/p>\n","protected":false},"excerpt":{"rendered":"<ul>\n<li>S\u00e6t med corsage med stropper og str\u00f8mpeholdere, g-streng og str\u00f8mper i gennemsigtigt stof, der giver et pust til fantasien og sexlivet<\/li>\n<li>Let at variere s\u00e6ttet ved at skifte en eller flere af delene ud med andet l\u00e6kkert og sexet lingeri<\/li>\n<li>Str\u00f8mpeholdere for og bag der laver en smuk ramme om henholdsvis numse og trekant<\/li>\n<li>S\u00e6ttet passer de fleste st\u00f8rrelser \u2013 fra Small til Large<\/li>\n<\/ul>\n","protected":false},"featured_media":281,"template":"","meta":[],"product_cat":[21],"product_tag":[],"class_list":{"0":"post-394","1":"product","2":"type-product","3":"status-publish","4":"has-post-thumbnail","6":"product_cat-lingeri","8":"first","9":"instock","10":"shipping-taxable","11":"purchasable","12":"product-type-simple"},"_links":{"self":[{"href":"https:\/\/wanna.lux-webudvikling.dk\/index.php?rest_route=\/wp\/v2\/product\/394","targetHints":{"allow":["GET"]}}],"collection":[{"href":"https:\/\/wanna.lux-webudvikling.dk\/index.php?rest_route=\/wp\/v2\/product"}],"about":[{"href":"https:\/\/wanna.lux-webudvikling.dk\/index.php?rest_route=\/wp\/v2\/types\/product"}],"wp:featuredmedia":[{"embeddable":true,"href":"https:\/\/wanna.lux-webudvikling.dk\/index.php?rest_route=\/wp\/v2\/media\/281"}],"wp:attachment":[{"href":"https:\/\/wanna.lux-webudvikling.dk\/index.php?rest_route=%2Fwp%2Fv2%2Fmedia&parent=394"}],"wp:term":[{"taxonomy":"product_cat","embeddable":true,"href":"https:\/\/wanna.lux-webudvikling.dk\/index.php?rest_route=%2Fwp%2Fv2%2Fproduct_cat&post=394"},{"taxonomy":"product_tag","embeddable":true,"href":"https:\/\/wanna.lux-webudvikling.dk\/index.php?rest_route=%2Fwp%2Fv2%2Fproduct_tag&post=394"}],"curies":[{"name":"wp","href":"https:\/\/api.w.org\/{rel}","templated":true}]}}