{"id":396,"date":"2023-11-10T13:38:48","date_gmt":"2023-11-10T12:38:48","guid":{"rendered":"https:\/\/wanna.lux-webudvikling.dk\/?post_type=product&#038;p=396"},"modified":"2023-11-10T13:38:50","modified_gmt":"2023-11-10T12:38:50","slug":"clone-a-willy-original-kopier","status":"publish","type":"product","link":"https:\/\/wanna.lux-webudvikling.dk\/?product=clone-a-willy-original-kopier","title":{"rendered":"Clone a Willy \u2013 Original (Kopier)"},"content":{"rendered":"<div id=\"product.info.description\" class=\"data item content\" role=\"tabpanel\" data-role=\"content\" aria-labelledby=\"tab-label-product.info.description\" aria-hidden=\"false\">\n<p>Med Clone A Willy Original kan du lave en n\u00f8jagtig kopi af din penis \u2013 om den er krum, lige, lille eller stor. Med andre ord en dildo, s\u00e5 du stadig kan tilfredsstille din k\u00e6reste, selvom du ikke er hjemme.<\/p>\n<p><strong>Clone a Willy Original er en dildo vibrator<br \/>\n<\/strong>Der medf\u00f8lger ogs\u00e5 en vibrator til dildoen, s\u00e5 din k\u00e6reste kan f\u00e5 sig en vibrerende oplevelse. Vibrationerne er nok ikke helt magen til dine vibes, og s\u00e5 kan de alts\u00e5 blive ved og ved og ved. S\u00e5 er du advaret.<\/p>\n<p><strong>Helt uskadeligt<\/strong><br \/>\nBortset fra din k\u00e6restes \u2013 m\u00e5ske \u2013 afh\u00e6ngighed af Willy, s\u00e5 er det helt uskadeligt. B\u00e5de for dig at modellere den og for din k\u00e6reste at bruge efterf\u00f8lgende.<\/p>\n<p>Modelleringsmaterialet \u2013 det som din kammerat kommer i kontakt med \u2013 er udvundet af naturligt tang. St\u00f8bematerialet \u2013 det som den f\u00e6rdige dildo er lavet af \u2013 l\u00e6kker bl\u00f8d silikone, der er helt uden ftalater, og som er bl\u00f8d og fleksibel og f\u00f8les behagelig mod huden.<\/p>\n<p><strong>S\u00e5dan g\u00f8r du<br \/>\n<\/strong>Det er ikke besv\u00e6rligt, men det tager lidt tid at modellere den perfekte kopi af din anakonda. De forskellige ingredienser skal bruge tid for at st\u00f8rkne. Hvis du og din k\u00e6reste g\u00f8r det til et f\u00e6llesprojekt, s\u00e5 skal der nok ogs\u00e5 komme noget efterspil ud af det. Du skal bruge 400 ml vand med en temperatur p\u00e5 n\u00f8jagtigt 32\u00b0 C.<\/p>\n<p>Det kan v\u00e6re en god id\u00e9 med en <a title=\"intim barbering\" href=\"https:\/\/www.sexshop.dk\/maend\/tilbehor-222\/intim-babering\">intimbarbering<\/a> inden du g\u00e5r i gang eller i det mindste at sm\u00f8re med lidt <a href=\"https:\/\/www.sexshop.dk\/maend\/glidecreme\/vandbaseret-glidecreme\">glidecreme<\/a>, hvis du har beh\u00e5ring p\u00e5 og omkring din penis.<\/p>\n<p>Er du piercet, vil vi anbefale, at du fjerner piercing.<\/p>\n<p>Vil du have en god erigeret udgave af din bedste ven, s\u00e5 brug <a href=\"https:\/\/www.sexshop.dk\/maend\/penis-ringe\">en penisring<\/a> sammen med s\u00e6ttet her.<\/p>\n<ol>\n<li>Klip modelleringsr\u00f8ret til, s\u00e5 det passer med l\u00e6ngden p\u00e5 din penis.<\/li>\n<li>Kom modelleringspulveret i vandet, og h\u00e6ld det i modelleringsr\u00f8ret.<\/li>\n<li>Stik din penis i r\u00f8ret, og tryk r\u00f8ret ind mod din krop. Efter et par minutter er vand og pulver blevet til gel\u00e9.<\/li>\n<li>Tr\u00e6k din penis ud, n\u00e5r geleen er stivnet.<\/li>\n<li>Lad formen t\u00f8rre et par timer \u2026 dem kan du og din k\u00e6reste nok finde p\u00e5 noget at bruge til.<\/li>\n<li>Bland nu de to medf\u00f8lgende b\u00f8tters indhold sammen \u2013 der medf\u00f8lger r\u00f8repind.<\/li>\n<li>R\u00f8r blandingen sammen i mindst 2 minutter, og h\u00e6ld den derefter op i formen, indtil der er ca. 2\u00bd cm op til kanten.<\/li>\n<li>Tag et stykke pap, og klip et X i midten.<\/li>\n<li>Pres vibratoren gennem krydset, og stik den derefter ned i midten af silikoneblandingen, s\u00e5 kun knappen stikker op.<\/li>\n<li>Papstykket holder vibratoren p\u00e5 plads ved at hvile p\u00e5 kanten af modelleringsr\u00f8ret.<\/li>\n<li>Lad din tvilling t\u00f8rre i mindst 24 timer, s\u00e5 er du sikker p\u00e5, at den er fuldst\u00e6ndig h\u00e6rdet.<\/li>\n<li>Fjern kopien fra formen. Voila nu har du en naturtro, vibrerende kopi af din penis.<\/li>\n<\/ol>\n<p>Der medf\u00f8lger naturligvis en instruktions-dvd, n\u00e5r du modtager din Clone a Willy Original.<\/p>\n<p>Den f\u00e6rdige dildo gengiver din penis med en utrolig detaljerigdom. Dildoen vil v\u00e6re lige s\u00e5 holdbare og nem at reng\u00f8re, som en hvilken som helst dildo, du har k\u00f8bt.<\/p>\n<p><strong>Den perfekte gave<br \/>\n<\/strong>Dette s\u00e6t er ogs\u00e5 den perfekte gaveid\u00e9, hvad enten du er en mand, der vil fork\u00e6le din k\u00e6reste, eller du er en kvinde, der vil fort\u00e6lle din udk\u00e5rne, at du er s\u00e5 vild med hans penis, at du er n\u00f8dt til at have en substitut, n\u00e5r han ikke er til stede. Eller som et humoristisk indslag til polterabend eller singlepigens f\u00f8dselsdag.<\/p>\n<p>Clone a Willy Original skal nok bringe stor gl\u00e6de. B\u00e5de n\u00e5r du eller \u2013 endnu bedre \u2013 du og din k\u00e6reste skal fremstille den, men ogs\u00e5 bagefter, n\u00e5r du kan bruge den p\u00e5 din k\u00e6reste, eller hun kan bruge den, n\u00e5r du ikke er hjemme.<\/p>\n<\/div>\n","protected":false},"excerpt":{"rendered":"<div class=\"product attribute overview\">\n<div class=\"value\">\n<ul>\n<li>S\u00e6t med alt hvad der skal til for at du kan lave en tro dildokopi af din penis<\/li>\n<li>Der medf\u00f8lger vibrator, s\u00e5 du kan lave en dildo vibrator<\/li>\n<li>Giver utrolig stor detaljerigdom og -lighed<\/li>\n<li>Er ikke sundhedsskadeligt \u2013 hverken for dig eller din k\u00e6reste<\/li>\n<li>Sjov at lave sammen \u2013 eller selv og for\u00e6re den i gave til k\u00e6resten<\/li>\n<li>Lavet af udelukkende hudvenlige materialer<\/li>\n<li>Nem at lave, nem at anvende og nem at reng\u00f8re<\/li>\n<li>Kan bruges sammen med vandbaseret glidecreme<\/li>\n<\/ul>\n<\/div>\n<\/div>\n","protected":false},"featured_media":277,"template":"","meta":[],"product_cat":[19],"product_tag":[],"class_list":{"0":"post-396","1":"product","2":"type-product","3":"status-publish","4":"has-post-thumbnail","6":"product_cat-par","8":"first","9":"instock","10":"shipping-taxable","11":"purchasable","12":"product-type-simple"},"_links":{"self":[{"href":"https:\/\/wanna.lux-webudvikling.dk\/index.php?rest_route=\/wp\/v2\/product\/396","targetHints":{"allow":["GET"]}}],"collection":[{"href":"https:\/\/wanna.lux-webudvikling.dk\/index.php?rest_route=\/wp\/v2\/product"}],"about":[{"href":"https:\/\/wanna.lux-webudvikling.dk\/index.php?rest_route=\/wp\/v2\/types\/product"}],"wp:featuredmedia":[{"embeddable":true,"href":"https:\/\/wanna.lux-webudvikling.dk\/index.php?rest_route=\/wp\/v2\/media\/277"}],"wp:attachment":[{"href":"https:\/\/wanna.lux-webudvikling.dk\/index.php?rest_route=%2Fwp%2Fv2%2Fmedia&parent=396"}],"wp:term":[{"taxonomy":"product_cat","embeddable":true,"href":"https:\/\/wanna.lux-webudvikling.dk\/index.php?rest_route=%2Fwp%2Fv2%2Fproduct_cat&post=396"},{"taxonomy":"product_tag","embeddable":true,"href":"https:\/\/wanna.lux-webudvikling.dk\/index.php?rest_route=%2Fwp%2Fv2%2Fproduct_tag&post=396"}],"curies":[{"name":"wp","href":"https:\/\/api.w.org\/{rel}","templated":true}]}}